{"id":11,"date":"2022-09-07T17:11:41","date_gmt":"2022-09-07T17:11:41","guid":{"rendered":"https:\/\/dev.net-vision.cz\/demolice-tisice.cz\/?page_id=11"},"modified":"2022-10-20T13:39:47","modified_gmt":"2022-10-20T13:39:47","slug":"demolice","status":"publish","type":"page","link":"https:\/\/www.demolice-tisice.cz\/","title":{"rendered":"Demolice"},"content":{"rendered":"","protected":false},"excerpt":{"rendered":"","protected":false},"author":1,"featured_media":0,"parent":0,"menu_order":0,"comment_status":"closed","ping_status":"closed","template":"","meta":{"footnotes":""},"class_list":["post-11","page","type-page","status-publish","hentry"],"yoast_head":"<!-- This site is optimized with the Yoast SEO plugin v25.6 - https:\/\/yoast.com\/wordpress\/plugins\/seo\/ -->\n<title>Likvidace a demolice staveb a technologick\u00fdch celk\u016f - Ti\u0161ice<\/title>\n<meta name=\"description\" content=\"Specializujeme se na demoli\u010dn\u00ed pr\u00e1ce a likvidace v\u0161eho \u017eelezn\u00e9ho p\u0159\u00edmo ve Va\u0161\u00ed provozovn\u011b. Prov\u00e1d\u00edme demolice technologick\u00fdch celk\u016f v cel\u00e9 \u010cR.\" \/>\n<meta name=\"robots\" content=\"index, follow, max-snippet:-1, max-image-preview:large, max-video-preview:-1\" \/>\n<link rel=\"canonical\" href=\"https:\/\/www.demolice-tisice.cz\/\" \/>\n<meta property=\"og:locale\" content=\"cs_CZ\" \/>\n<meta property=\"og:type\" content=\"article\" \/>\n<meta property=\"og:title\" content=\"Likvidace a demolice staveb a technologick\u00fdch celk\u016f - Ti\u0161ice\" \/>\n<meta property=\"og:description\" content=\"Specializujeme se na demoli\u010dn\u00ed pr\u00e1ce a likvidace v\u0161eho \u017eelezn\u00e9ho p\u0159\u00edmo ve Va\u0161\u00ed provozovn\u011b. Prov\u00e1d\u00edme demolice technologick\u00fdch celk\u016f v cel\u00e9 \u010cR.\" \/>\n<meta property=\"og:url\" content=\"https:\/\/www.demolice-tisice.cz\/\" \/>\n<meta property=\"og:site_name\" content=\"OCELO\u017dROUT - demolice\" \/>\n<meta property=\"article:modified_time\" content=\"2022-10-20T13:39:47+00:00\" \/>\n<meta name=\"twitter:card\" content=\"summary_large_image\" \/>\n<script type=\"application\/ld+json\" class=\"yoast-schema-graph\">{\"@context\":\"https:\/\/schema.org\",\"@graph\":[{\"@type\":\"WebPage\",\"@id\":\"https:\/\/www.demolice-tisice.cz\/\",\"url\":\"https:\/\/www.demolice-tisice.cz\/\",\"name\":\"Likvidace a demolice staveb a technologick\u00fdch celk\u016f - Ti\u0161ice\",\"isPartOf\":{\"@id\":\"https:\/\/www.demolice-tisice.cz\/#website\"},\"datePublished\":\"2022-09-07T17:11:41+00:00\",\"dateModified\":\"2022-10-20T13:39:47+00:00\",\"description\":\"Specializujeme se na demoli\u010dn\u00ed pr\u00e1ce a likvidace v\u0161eho \u017eelezn\u00e9ho p\u0159\u00edmo ve Va\u0161\u00ed provozovn\u011b. Prov\u00e1d\u00edme demolice technologick\u00fdch celk\u016f v cel\u00e9 \u010cR.\",\"breadcrumb\":{\"@id\":\"https:\/\/www.demolice-tisice.cz\/#breadcrumb\"},\"inLanguage\":\"cs\",\"potentialAction\":[{\"@type\":\"ReadAction\",\"target\":[\"https:\/\/www.demolice-tisice.cz\/\"]}]},{\"@type\":\"BreadcrumbList\",\"@id\":\"https:\/\/www.demolice-tisice.cz\/#breadcrumb\",\"itemListElement\":[{\"@type\":\"ListItem\",\"position\":1,\"name\":\"Dom\u016f\",\"item\":\"https:\/\/www.demolice-tisice.cz\/\"},{\"@type\":\"ListItem\",\"position\":2,\"name\":\"Demolice\"}]},{\"@type\":\"WebSite\",\"@id\":\"https:\/\/www.demolice-tisice.cz\/#website\",\"url\":\"https:\/\/www.demolice-tisice.cz\/\",\"name\":\"OCELO\u017dROUT - demolice\",\"description\":\"Just another WordPress site\",\"potentialAction\":[{\"@type\":\"SearchAction\",\"target\":{\"@type\":\"EntryPoint\",\"urlTemplate\":\"https:\/\/www.demolice-tisice.cz\/?s={search_term_string}\"},\"query-input\":{\"@type\":\"PropertyValueSpecification\",\"valueRequired\":true,\"valueName\":\"search_term_string\"}}],\"inLanguage\":\"cs\"}]}<\/script>\n<!-- \/ Yoast SEO plugin. -->","yoast_head_json":{"title":"Likvidace a demolice staveb a technologick\u00fdch celk\u016f - Ti\u0161ice","description":"Specializujeme se na demoli\u010dn\u00ed pr\u00e1ce a likvidace v\u0161eho \u017eelezn\u00e9ho p\u0159\u00edmo ve Va\u0161\u00ed provozovn\u011b. Prov\u00e1d\u00edme demolice technologick\u00fdch celk\u016f v cel\u00e9 \u010cR.","robots":{"index":"index","follow":"follow","max-snippet":"max-snippet:-1","max-image-preview":"max-image-preview:large","max-video-preview":"max-video-preview:-1"},"canonical":"https:\/\/www.demolice-tisice.cz\/","og_locale":"cs_CZ","og_type":"article","og_title":"Likvidace a demolice staveb a technologick\u00fdch celk\u016f - Ti\u0161ice","og_description":"Specializujeme se na demoli\u010dn\u00ed pr\u00e1ce a likvidace v\u0161eho \u017eelezn\u00e9ho p\u0159\u00edmo ve Va\u0161\u00ed provozovn\u011b. Prov\u00e1d\u00edme demolice technologick\u00fdch celk\u016f v cel\u00e9 \u010cR.","og_url":"https:\/\/www.demolice-tisice.cz\/","og_site_name":"OCELO\u017dROUT - demolice","article_modified_time":"2022-10-20T13:39:47+00:00","twitter_card":"summary_large_image","schema":{"@context":"https:\/\/schema.org","@graph":[{"@type":"WebPage","@id":"https:\/\/www.demolice-tisice.cz\/","url":"https:\/\/www.demolice-tisice.cz\/","name":"Likvidace a demolice staveb a technologick\u00fdch celk\u016f - Ti\u0161ice","isPartOf":{"@id":"https:\/\/www.demolice-tisice.cz\/#website"},"datePublished":"2022-09-07T17:11:41+00:00","dateModified":"2022-10-20T13:39:47+00:00","description":"Specializujeme se na demoli\u010dn\u00ed pr\u00e1ce a likvidace v\u0161eho \u017eelezn\u00e9ho p\u0159\u00edmo ve Va\u0161\u00ed provozovn\u011b. Prov\u00e1d\u00edme demolice technologick\u00fdch celk\u016f v cel\u00e9 \u010cR.","breadcrumb":{"@id":"https:\/\/www.demolice-tisice.cz\/#breadcrumb"},"inLanguage":"cs","potentialAction":[{"@type":"ReadAction","target":["https:\/\/www.demolice-tisice.cz\/"]}]},{"@type":"BreadcrumbList","@id":"https:\/\/www.demolice-tisice.cz\/#breadcrumb","itemListElement":[{"@type":"ListItem","position":1,"name":"Dom\u016f","item":"https:\/\/www.demolice-tisice.cz\/"},{"@type":"ListItem","position":2,"name":"Demolice"}]},{"@type":"WebSite","@id":"https:\/\/www.demolice-tisice.cz\/#website","url":"https:\/\/www.demolice-tisice.cz\/","name":"OCELO\u017dROUT - demolice","description":"Just another WordPress site","potentialAction":[{"@type":"SearchAction","target":{"@type":"EntryPoint","urlTemplate":"https:\/\/www.demolice-tisice.cz\/?s={search_term_string}"},"query-input":{"@type":"PropertyValueSpecification","valueRequired":true,"valueName":"search_term_string"}}],"inLanguage":"cs"}]}},"_links":{"self":[{"href":"https:\/\/www.demolice-tisice.cz\/index.php\/wp-json\/wp\/v2\/pages\/11","targetHints":{"allow":["GET"]}}],"collection":[{"href":"https:\/\/www.demolice-tisice.cz\/index.php\/wp-json\/wp\/v2\/pages"}],"about":[{"href":"https:\/\/www.demolice-tisice.cz\/index.php\/wp-json\/wp\/v2\/types\/page"}],"author":[{"embeddable":true,"href":"https:\/\/www.demolice-tisice.cz\/index.php\/wp-json\/wp\/v2\/users\/1"}],"replies":[{"embeddable":true,"href":"https:\/\/www.demolice-tisice.cz\/index.php\/wp-json\/wp\/v2\/comments?post=11"}],"version-history":[{"count":1,"href":"https:\/\/www.demolice-tisice.cz\/index.php\/wp-json\/wp\/v2\/pages\/11\/revisions"}],"predecessor-version":[{"id":12,"href":"https:\/\/www.demolice-tisice.cz\/index.php\/wp-json\/wp\/v2\/pages\/11\/revisions\/12"}],"wp:attachment":[{"href":"https:\/\/www.demolice-tisice.cz\/index.php\/wp-json\/wp\/v2\/media?parent=11"}],"curies":[{"name":"wp","href":"https:\/\/api.w.org\/{rel}","templated":true}]}}